{"id":154,"date":"2023-02-15T16:49:13","date_gmt":"2023-02-15T15:49:13","guid":{"rendered":"https:\/\/3ciment.com\/?page_id=154"},"modified":"2025-10-02T15:01:29","modified_gmt":"2025-10-02T13:01:29","slug":"storia-meet-it","status":"publish","type":"page","link":"https:\/\/www.meetit.cloud\/en-us\/storia-meet-it\/","title":{"rendered":"Storia"},"content":{"rendered":"<div data-elementor-type=\"wp-page\" data-elementor-id=\"154\" class=\"elementor elementor-154\" data-elementor-post-type=\"page\">\n\t\t\t\t\t\t<section class=\"elementor-section elementor-top-section elementor-element elementor-element-377d28cb elementor-section-boxed elementor-section-height-default elementor-section-height-default\" data-id=\"377d28cb\" data-element_type=\"section\" data-e-type=\"section\">\n\t\t\t\t\t\t<div class=\"elementor-container elementor-column-gap-default\">\n\t\t\t\t\t<div class=\"elementor-column elementor-col-100 elementor-top-column elementor-element elementor-element-5cfe358d\" data-id=\"5cfe358d\" data-element_type=\"column\" data-e-type=\"column\">\n\t\t\t<div class=\"elementor-widget-wrap elementor-element-populated\">\n\t\t\t\t\t\t<div class=\"elementor-element elementor-element-1792ae3d elementor-widget elementor-widget-text-editor\" data-id=\"1792ae3d\" data-element_type=\"widget\" data-e-type=\"widget\" data-widget_type=\"text-editor.default\">\n\t\t\t\t<div class=\"elementor-widget-container\">\n\t\t\t\t\t\t\t\t\t<p>Nel maggio 2021 \u00e8 nato il <strong>Gruppo MEET IT<\/strong>.<\/p><p>E non cos\u00ec dal niente, ma da due aziende che si sono incontrate, si sono conosciute e hanno deciso di condividere un progetto comune: <span style=\"color: #f39200;\"><strong><a style=\"color: #f39200;\" href=\"https:\/\/www.meetit.cloud\/en-us\/it-IT\/Home\/\">3CiME Technology<\/a><\/strong><\/span> di Bologna e <strong><a href=\"https:\/\/www.ntonline.it\/\">NT Nuove Tecnologie<\/a><\/strong> di Udine.<\/p><p><img fetchpriority=\"high\" decoding=\"async\" class=\"alignright wp-image-6643\" src=\"https:\/\/www.meetit.cloud\/wp-content\/uploads\/betta-225x300.jpg\" alt=\"\" width=\"350\" height=\"467\" srcset=\"https:\/\/www.meetit.cloud\/wp-content\/uploads\/betta-225x300.jpg 225w, https:\/\/www.meetit.cloud\/wp-content\/uploads\/betta-768x1024.jpg 768w, https:\/\/www.meetit.cloud\/wp-content\/uploads\/betta-1152x1536.jpg 1152w, https:\/\/www.meetit.cloud\/wp-content\/uploads\/betta-1536x2048.jpg 1536w, https:\/\/www.meetit.cloud\/wp-content\/uploads\/betta-9x12.jpg 9w, https:\/\/www.meetit.cloud\/wp-content\/uploads\/betta-scaled.jpg 1920w\" sizes=\"(max-width: 350px) 100vw, 350px\" \/><\/p><p><span style=\"color: #f39200;\"><strong>3CiME\u00a0Technology <\/strong><\/span>e\u0300 nata nel <strong>2008<\/strong>: il migliore anno della storia dell\u2019economia mondiale, come siamo soliti dire. E da allora siamo cresciuti costantemente, con bilanci buoni, alcuni dicono brillanti, con\u00a0<strong>solidit\u00e0 finanziaria e prudenza<\/strong>, ma anche con\u00a0<strong>audacia e coraggio<\/strong>.<\/p><p>Ci definiamo una <strong>grande famiglia<\/strong>\u00a0in cui ci si scontra e confronta, ma soprattutto si fa squadra.\u00a0I nostri\u00a0<strong>clienti\u00a0sono\u00a0seguiti ed informati<\/strong>\u00a0e, possiamo dire,\u00a0<strong>affezionati<\/strong>.<\/p><p><strong>Siamo cresciuti insieme ai\u00a0nostri\u00a0servizi<\/strong>: di ogni tecnologia, infatti, non vogliamo essere semplici\u00a0<strong>rivenditori<\/strong>, ma anche\u00a0<strong>installatori\u00a0e\u00a0manutentori<\/strong>.<\/p><p>Si tratta di una\u00a0<strong>scelta aziendale fondante<\/strong>.<\/p><p>Le aree aziendali di nostra competenza sono:\u00a0\u00a0<strong>infrastruttura, sicurezza, virtualizzazione, telefonia\u00a0e servizi cloud<\/strong>.\u00a0Per ognuna di queste il personale di riferimento e\u0300 formato e certificato.<\/p><p>Nel\u00a0<strong>2013<\/strong>\u00a0abbiamo acquistato una\u00a0<strong>sede aziendale, poi allargata nel\u00a02017<\/strong>.\u00a0Questo ha rappresentato\u00a0la base di partenza per l\u2019erogazione di\u00a0<strong>servizi a largo raggio personalizzati e per l\u2019adozione di nuove tecnologie<\/strong>, tutte provate ed installate internamente.<\/p><p>Dalla passione, dallo studio e\u00a0dall&#8217;esperienza sono anche arrivati alcuni\u00a0<strong>riconoscimenti<\/strong>: le\u00a0<strong>certificazioni ISO<\/strong>\u00a0acquisite, gli articoli\u00a0che ci raccontano su<strong>\u00a0riviste\u00a0<a href=\"https:\/\/www.meetit.cloud\/en-us\/it-IT\/Eventi-(1)\/3CiME-Technology--da-Bologna-il-motore-di-sviluppo\/\" target=\"_blank\" rel=\"noopener\">nazionali<\/a>\u00a0e\u00a0<\/strong><a href=\"https:\/\/www.meetit.cloud\/en-us\/it-IT\/Eventi-(1)\/3CiME-Technology-nel-mondo\/\" target=\"_blank\" rel=\"noopener\"><strong>internazionali<\/strong>, <\/a>\u00a0l\u2019inserimento nelle \u201c<em><strong>Menzioni Speciali<\/strong><\/em>\u201d nel\u00a02018 e nelle &#8220;<em><strong>Storie di Eccellenza<\/strong><\/em>&#8221; nel 2022 del volume sulle\u00a0100 Eccellenze Italiane, dimostrano questo costante impegno.<\/p><p>Nel <strong>Novembre 2024<\/strong> 3CiME Technology \u00e8 tra i protagonisti della rivista <a href=\"https:\/\/platinum-online.com\/pubblicazioni\">Platinum Aziende &amp; Protagonisti<\/a> , rivista in uscita con <a href=\"https:\/\/www.ilsole24ore.com\/\">Il Sole 24 Ore<\/a>, nello speciale di Bologna. Nell&#8217;articolo si racchiude la vera sintesi dell&#8217;azienda che cerca di portare umanit\u00e0 nel mondo dell&#8217;informatica.<\/p><p><strong><span style=\"color: #00568d;\">NT Nuove Tecnologie<\/span><\/strong> \u00e8 nata nel <strong>1996<\/strong> e da allora \u00e8 diventata il punto di riferimento per le aziende italiane e straniere che cercano soluzioni infrastrutturali personalizzate.<\/p><p><img decoding=\"async\" class=\"alignleft wp-image-6604\" src=\"https:\/\/www.meetit.cloud\/wp-content\/uploads\/Foto-gruppo-NT-300x195.png\" alt=\"Foto gruppo NT\" width=\"439\" height=\"285\" srcset=\"https:\/\/www.meetit.cloud\/wp-content\/uploads\/Foto-gruppo-NT-300x195.png 300w, https:\/\/www.meetit.cloud\/wp-content\/uploads\/Foto-gruppo-NT-768x499.png 768w, https:\/\/www.meetit.cloud\/wp-content\/uploads\/Foto-gruppo-NT-18x12.png 18w, https:\/\/www.meetit.cloud\/wp-content\/uploads\/Foto-gruppo-NT.png 969w\" sizes=\"(max-width: 439px) 100vw, 439px\" \/><\/p><p><strong>I nostri collaboratori<\/strong> sono costantemente formati per offrire al cliente un servizio di <strong>consulenza, progettazione e supporto<\/strong> preciso e puntuale. Instaurare un rapporto tecnico e commerciale diretto con i produttori, ci rende partecipi dei progetti e delle proiezioni future delle nuove tecnologie permettendoci di <strong>testare anticipatamente i prototipi delle soluzioni direttamente presso i nostri laboratori<\/strong>. I nostri clienti possono cos\u00ec contare su un servizio di prevendita diretto, immediato e di profonda competenza tecnica.<\/p><p>Tra i nostri clienti figurano importanti aziende internazionali, universit\u00e0 e centri di ricerca, strutture della pubblica amministrazione ubicate in tutta Italia e anche all\u2019estero.<\/p><p>Ci occupiamo della progettazione di infrastrutture storage di diversi PetaByte, di interi data center, server-storage virtualizzati, networking industriale, sicurezza attiva e passiva, soluzioni di virtualizzazione desktop, monitoraggio IT e smart working.<\/p><p>Sono molti e diversi i progetti realizzati. In ognuno di essi c\u2019\u00e8 la ricerca fatta insieme al cliente per <strong>individuare la soluzione pi\u00f9 adatta a risolvere le necessit\u00e0 aziendali<\/strong>, con un occhio di riguardo alla pianificazione degli investimenti in un\u2019ottica di medio-lungo termine. Realizziamo i sistemi e le soluzioni perfette per ogni esigenza, con un <strong>supporto proattivo immediato<\/strong> e la garanzia fino a 5 anni on site.<\/p><p><strong>e-PRO<\/strong> \u00e8 il nostro marchio dedicato ai dispositivi customizzati, configurabili in ogni singolo componente con le tecnologie pi\u00f9 innovative e prestazionali.<\/p><h2><strong><span style=\"color: #f39200;\">Il Gruppo MEET IT<\/span><\/strong><\/h2><p>Le aziende sono fatte da persone. E cos\u00ec, durante un <strong>meeting a Parigi<\/strong> nel 2017, <strong>Giuseppe Mazzoli<\/strong>, CEO di 3CiME Technology, incontra <strong>Massimo Della Vedova<\/strong>, CEO di NT Nuove Tecnologie. I due si siedono a tavola insieme e si raccontano.<\/p><p>Giuseppe si fa avvicinare dall&#8217;umanit\u00e0 di Massimo, che conquista la sua fiducia. Cominciano cos\u00ec le prime collaborazioni importanti sia in ambienti pubblici che privati. Negli anni si scopre come la precisione, l&#8217;affidabilit\u00e0 e il valore della parola data, siano terreno d&#8217;incontro reciproco.<\/p><p>Il nostro punto focale e\u0300 la\u00a0<strong>volont\u00e0 di miglioramento<\/strong>,\u00a0per noi e per i nostri Clienti, superando la logica del business volto al solo guadagno. Affidarsi a noi significa generare business e lavoro.<\/p><p><strong>Nasce cos\u00ec un Gruppo di oltre 35 persone: il Gruppo MEET IT.<\/strong><\/p><p><img decoding=\"async\" src=\"https:\/\/www.meetit.cloud\/wp-content\/uploads\/Della-Vedova-Mazzoli-per-Realta-Industriale-1024x768.png\" alt=\"\" width=\"467\" height=\"350\" \/><\/p>\t\t\t\t\t\t\t\t<\/div>\n\t\t\t\t<\/div>\n\t\t\t\t\t<\/div>\n\t\t<\/div>\n\t\t\t\t\t<\/div>\n\t\t<\/section>\n\t\t<div class=\"elementor-element elementor-element-6c7a4b1 e-flex e-con-boxed e-con e-parent\" data-id=\"6c7a4b1\" data-element_type=\"container\" data-e-type=\"container\">\n\t\t\t\t\t<div class=\"e-con-inner\">\n\t\t\t\t\t<\/div>\n\t\t\t\t<\/div>\n\t\t\t\t<\/div>","protected":false},"excerpt":{"rendered":"<p>Nel maggio 2021 \u00e8 nato il Gruppo MEET IT. E non cos\u00ec dal niente, ma da due aziende che si sono incontrate, si sono conosciute e hanno deciso di condividere un progetto comune: 3CiME Technology di Bologna e NT Nuove Tecnologie di Udine. 3CiME\u00a0Technology e\u0300 nata nel 2008: il migliore anno della storia dell\u2019economia mondiale, [&hellip;]<\/p>\n","protected":false},"author":1,"featured_media":1407,"parent":0,"menu_order":0,"comment_status":"closed","ping_status":"closed","template":"","meta":{"_acf_changed":false,"footnotes":""},"class_list":["post-154","page","type-page","status-publish","has-post-thumbnail","hentry"],"acf":[],"yoast_head":"<!-- This site is optimized with the Yoast SEO plugin v27.2 - https:\/\/yoast.com\/product\/yoast-seo-wordpress\/ -->\n<title>Storia MEET IT<\/title>\n<meta name=\"description\" content=\"Storia MEET IT: come \u00e8 nato il Gruppo, le sue aziende ed i valori che ci contraddistinguono e uniscono nel lavoro e nella vita.\" \/>\n<meta name=\"robots\" content=\"index, follow, max-snippet:-1, max-image-preview:large, max-video-preview:-1\" \/>\n<link rel=\"canonical\" href=\"https:\/\/www.meetit.cloud\/en-us\/storia-meet-it\/\" \/>\n<meta property=\"og:locale\" content=\"en_US\" \/>\n<meta property=\"og:type\" content=\"article\" \/>\n<meta property=\"og:title\" content=\"Storia MEET IT\" \/>\n<meta property=\"og:description\" content=\"Storia MEET IT: come \u00e8 nato il Gruppo, le sue aziende ed i valori che ci contraddistinguono e uniscono nel lavoro e nella vita.\" \/>\n<meta property=\"og:url\" content=\"https:\/\/www.meetit.cloud\/en-us\/storia-meet-it\/\" \/>\n<meta property=\"og:site_name\" content=\"3CiME - NT - MEET IT\" \/>\n<meta property=\"article:modified_time\" content=\"2025-10-02T13:01:29+00:00\" \/>\n<meta property=\"og:image\" content=\"https:\/\/www.meetit.cloud\/wp-content\/uploads\/Gruppo-MEET-IT.jpg\" \/>\n\t<meta property=\"og:image:width\" content=\"2048\" \/>\n\t<meta property=\"og:image:height\" content=\"1366\" \/>\n\t<meta property=\"og:image:type\" content=\"image\/jpeg\" \/>\n<script type=\"application\/ld+json\" class=\"yoast-schema-graph\">{\"@context\":\"https:\/\/schema.org\",\"@graph\":[{\"@type\":\"WebPage\",\"@id\":\"https:\/\/www.meetit.cloud\/storia-meet-it\/\",\"url\":\"https:\/\/www.meetit.cloud\/storia-meet-it\/\",\"name\":\"Storia MEET IT\",\"isPartOf\":{\"@id\":\"https:\/\/www.meetit.cloud\/#website\"},\"primaryImageOfPage\":{\"@id\":\"https:\/\/www.meetit.cloud\/storia-meet-it\/#primaryimage\"},\"image\":{\"@id\":\"https:\/\/www.meetit.cloud\/storia-meet-it\/#primaryimage\"},\"thumbnailUrl\":\"https:\/\/www.meetit.cloud\/wp-content\/uploads\/Gruppo-MEET-IT.jpg\",\"datePublished\":\"2023-02-15T15:49:13+00:00\",\"dateModified\":\"2025-10-02T13:01:29+00:00\",\"description\":\"Storia MEET IT: come \u00e8 nato il Gruppo, le sue aziende ed i valori che ci contraddistinguono e uniscono nel lavoro e nella vita.\",\"breadcrumb\":{\"@id\":\"https:\/\/www.meetit.cloud\/storia-meet-it\/#breadcrumb\"},\"inLanguage\":\"en-US\",\"potentialAction\":[{\"@type\":\"ReadAction\",\"target\":[\"https:\/\/www.meetit.cloud\/storia-meet-it\/\"]}]},{\"@type\":\"ImageObject\",\"inLanguage\":\"en-US\",\"@id\":\"https:\/\/www.meetit.cloud\/storia-meet-it\/#primaryimage\",\"url\":\"https:\/\/www.meetit.cloud\/wp-content\/uploads\/Gruppo-MEET-IT.jpg\",\"contentUrl\":\"https:\/\/www.meetit.cloud\/wp-content\/uploads\/Gruppo-MEET-IT.jpg\",\"width\":2048,\"height\":1366,\"caption\":\"Storia MEET IT\"},{\"@type\":\"BreadcrumbList\",\"@id\":\"https:\/\/www.meetit.cloud\/storia-meet-it\/#breadcrumb\",\"itemListElement\":[{\"@type\":\"ListItem\",\"position\":1,\"name\":\"Home\",\"item\":\"https:\/\/www.meetit.cloud\/\"},{\"@type\":\"ListItem\",\"position\":2,\"name\":\"Storia\"}]},{\"@type\":\"WebSite\",\"@id\":\"https:\/\/www.meetit.cloud\/#website\",\"url\":\"https:\/\/www.meetit.cloud\/\",\"name\":\"3CiME - NT - MEET IT\",\"description\":\"\",\"publisher\":{\"@id\":\"https:\/\/www.meetit.cloud\/#organization\"},\"potentialAction\":[{\"@type\":\"SearchAction\",\"target\":{\"@type\":\"EntryPoint\",\"urlTemplate\":\"https:\/\/www.meetit.cloud\/?s={search_term_string}\"},\"query-input\":{\"@type\":\"PropertyValueSpecification\",\"valueRequired\":true,\"valueName\":\"search_term_string\"}}],\"inLanguage\":\"en-US\"},{\"@type\":\"Organization\",\"@id\":\"https:\/\/www.meetit.cloud\/#organization\",\"name\":\"MEET IT\",\"alternateName\":\"MEET IT - 3CiME - NT\",\"url\":\"https:\/\/www.meetit.cloud\/\",\"logo\":{\"@type\":\"ImageObject\",\"inLanguage\":\"en-US\",\"@id\":\"https:\/\/www.meetit.cloud\/#\/schema\/logo\/image\/\",\"url\":\"https:\/\/www.meetit.cloud\/wp-content\/uploads\/Logo-MEET-IT-500x390-1.png\",\"contentUrl\":\"https:\/\/www.meetit.cloud\/wp-content\/uploads\/Logo-MEET-IT-500x390-1.png\",\"width\":500,\"height\":390,\"caption\":\"MEET IT\"},\"image\":{\"@id\":\"https:\/\/www.meetit.cloud\/#\/schema\/logo\/image\/\"}}]}<\/script>\n<!-- \/ Yoast SEO plugin. -->","yoast_head_json":{"title":"Storia MEET IT","description":"Storia MEET IT: come \u00e8 nato il Gruppo, le sue aziende ed i valori che ci contraddistinguono e uniscono nel lavoro e nella vita.","robots":{"index":"index","follow":"follow","max-snippet":"max-snippet:-1","max-image-preview":"max-image-preview:large","max-video-preview":"max-video-preview:-1"},"canonical":"https:\/\/www.meetit.cloud\/en-us\/storia-meet-it\/","og_locale":"en_US","og_type":"article","og_title":"Storia MEET IT","og_description":"Storia MEET IT: come \u00e8 nato il Gruppo, le sue aziende ed i valori che ci contraddistinguono e uniscono nel lavoro e nella vita.","og_url":"https:\/\/www.meetit.cloud\/en-us\/storia-meet-it\/","og_site_name":"3CiME - NT - MEET IT","article_modified_time":"2025-10-02T13:01:29+00:00","og_image":[{"width":2048,"height":1366,"url":"https:\/\/www.meetit.cloud\/wp-content\/uploads\/Gruppo-MEET-IT.jpg","type":"image\/jpeg"}],"schema":{"@context":"https:\/\/schema.org","@graph":[{"@type":"WebPage","@id":"https:\/\/www.meetit.cloud\/storia-meet-it\/","url":"https:\/\/www.meetit.cloud\/storia-meet-it\/","name":"Storia MEET IT","isPartOf":{"@id":"https:\/\/www.meetit.cloud\/#website"},"primaryImageOfPage":{"@id":"https:\/\/www.meetit.cloud\/storia-meet-it\/#primaryimage"},"image":{"@id":"https:\/\/www.meetit.cloud\/storia-meet-it\/#primaryimage"},"thumbnailUrl":"https:\/\/www.meetit.cloud\/wp-content\/uploads\/Gruppo-MEET-IT.jpg","datePublished":"2023-02-15T15:49:13+00:00","dateModified":"2025-10-02T13:01:29+00:00","description":"Storia MEET IT: come \u00e8 nato il Gruppo, le sue aziende ed i valori che ci contraddistinguono e uniscono nel lavoro e nella vita.","breadcrumb":{"@id":"https:\/\/www.meetit.cloud\/storia-meet-it\/#breadcrumb"},"inLanguage":"en-US","potentialAction":[{"@type":"ReadAction","target":["https:\/\/www.meetit.cloud\/storia-meet-it\/"]}]},{"@type":"ImageObject","inLanguage":"en-US","@id":"https:\/\/www.meetit.cloud\/storia-meet-it\/#primaryimage","url":"https:\/\/www.meetit.cloud\/wp-content\/uploads\/Gruppo-MEET-IT.jpg","contentUrl":"https:\/\/www.meetit.cloud\/wp-content\/uploads\/Gruppo-MEET-IT.jpg","width":2048,"height":1366,"caption":"Storia MEET IT"},{"@type":"BreadcrumbList","@id":"https:\/\/www.meetit.cloud\/storia-meet-it\/#breadcrumb","itemListElement":[{"@type":"ListItem","position":1,"name":"Home","item":"https:\/\/www.meetit.cloud\/"},{"@type":"ListItem","position":2,"name":"Storia"}]},{"@type":"WebSite","@id":"https:\/\/www.meetit.cloud\/#website","url":"https:\/\/www.meetit.cloud\/","name":"3CiME - NT - MEET IT","description":"","publisher":{"@id":"https:\/\/www.meetit.cloud\/#organization"},"potentialAction":[{"@type":"SearchAction","target":{"@type":"EntryPoint","urlTemplate":"https:\/\/www.meetit.cloud\/?s={search_term_string}"},"query-input":{"@type":"PropertyValueSpecification","valueRequired":true,"valueName":"search_term_string"}}],"inLanguage":"en-US"},{"@type":"Organization","@id":"https:\/\/www.meetit.cloud\/#organization","name":"MEET IT","alternateName":"MEET IT - 3CiME - NT","url":"https:\/\/www.meetit.cloud\/","logo":{"@type":"ImageObject","inLanguage":"en-US","@id":"https:\/\/www.meetit.cloud\/#\/schema\/logo\/image\/","url":"https:\/\/www.meetit.cloud\/wp-content\/uploads\/Logo-MEET-IT-500x390-1.png","contentUrl":"https:\/\/www.meetit.cloud\/wp-content\/uploads\/Logo-MEET-IT-500x390-1.png","width":500,"height":390,"caption":"MEET IT"},"image":{"@id":"https:\/\/www.meetit.cloud\/#\/schema\/logo\/image\/"}}]}},"_links":{"self":[{"href":"https:\/\/www.meetit.cloud\/en-us\/wp-json\/wp\/v2\/pages\/154","targetHints":{"allow":["GET"]}}],"collection":[{"href":"https:\/\/www.meetit.cloud\/en-us\/wp-json\/wp\/v2\/pages"}],"about":[{"href":"https:\/\/www.meetit.cloud\/en-us\/wp-json\/wp\/v2\/types\/page"}],"author":[{"embeddable":true,"href":"https:\/\/www.meetit.cloud\/en-us\/wp-json\/wp\/v2\/users\/1"}],"replies":[{"embeddable":true,"href":"https:\/\/www.meetit.cloud\/en-us\/wp-json\/wp\/v2\/comments?post=154"}],"version-history":[{"count":58,"href":"https:\/\/www.meetit.cloud\/en-us\/wp-json\/wp\/v2\/pages\/154\/revisions"}],"predecessor-version":[{"id":6647,"href":"https:\/\/www.meetit.cloud\/en-us\/wp-json\/wp\/v2\/pages\/154\/revisions\/6647"}],"wp:featuredmedia":[{"embeddable":true,"href":"https:\/\/www.meetit.cloud\/en-us\/wp-json\/wp\/v2\/media\/1407"}],"wp:attachment":[{"href":"https:\/\/www.meetit.cloud\/en-us\/wp-json\/wp\/v2\/media?parent=154"}],"curies":[{"name":"wp","href":"https:\/\/api.w.org\/{rel}","templated":true}]}}