{"id":156,"date":"2023-02-15T16:51:11","date_gmt":"2023-02-15T15:51:11","guid":{"rendered":"https:\/\/3ciment.com\/?page_id=156"},"modified":"2023-08-01T16:30:07","modified_gmt":"2023-08-01T14:30:07","slug":"valori-meet-it","status":"publish","type":"page","link":"https:\/\/www.meetit.cloud\/en-us\/valori-meet-it\/","title":{"rendered":"Valori"},"content":{"rendered":"<h2><strong>\u00abL\u2019educazione dovrebbe inculcare l\u2019idea che l\u2019umanit\u00e0 \u00e8 una sola famiglia con interessi comuni. Che di conseguenza la collaborazione \u00e8 pi\u00f9 importante della competizione.\u00bb<\/strong><\/h2>\n<p>\u2013 <em>Bertrand Russell<\/em><\/p>\n<p>&nbsp;<\/p>\n<p>Questo \u00e8 MEET IT. Siamo due aziende unite da valori e da un portafoglio di servizi integrato. Abbiamo deciso che collaborare sia molto pi\u00f9 produttivo e stimolante del competere, perch\u00e9 insieme ci completiamo, ci miglioriamo reciprocamente e ci riconosciamo nei valori e nei principi del lavoro e della vita.<\/p>\n<p>&nbsp;<\/p>\n<h2><span style=\"color: #f39200;\"><strong>Vision<\/strong><\/span><\/h2>\n<p>Il nostro motto <em><strong>\u201cCi ricordiamo le persone, non il business\u201d<\/strong><\/em> racconta chi siamo, quali siano i nostri valori condivisi e quale sia per noi il senso del lavoro e del dovere.<\/p>\n<p>Ci occupiamo di <strong>cybersecurity<\/strong>, di\u00a0<strong>infrastrutture informatiche<\/strong>\u00a0e di\u00a0<strong>tecnologia<\/strong>\u00a0e all&#8217;interno di quello che potrebbe sembrare un ambiente asettico e freddo ci siamo costruiti uno spazio di<strong>\u00a0vicinanza\u00a0e\u00a0valori<\/strong>. Come la\u00a0<strong>sharing economy<\/strong>\u00a0in cui crediamo e da cui ci lasciamo ispirare, perch\u00e9 siamo convinti che <strong>a fare la differenza siano le persone e non i prodotti<\/strong>.<\/p>\n<div><\/div>\n<div><\/div>\n<p>&nbsp;<\/p>\n<div>\n<h2><span style=\"color: #f39200;\"><strong>Mission<\/strong><\/span><\/h2>\n<div>La\u00a0<strong>sharing economy<\/strong>\u00a0ci insegna alcune cose:<\/div>\n<div><\/div>\n<div><\/div>\n<ul>\n<li>a considerare i\u00a0<strong>colleghi dei fratelli<\/strong>\u00a0con i quali condividere il cammino della vita lavorativa e non solo;<\/li>\n<li>a considerare i\u00a0<strong>clienti delle persone<\/strong>\u00a0alle quali possiamo donare valore e dai quali siamo considerati fornitori di valore e non soggetti da spremere per un tornaconto momentaneo;<\/li>\n<li>ad offrire un\u00a0<strong>ambiente di lavoro<\/strong>, fisico e psicologico,\u00a0<strong>dove si sta bene<\/strong>;<\/li>\n<li>a considerare l\u2019<strong>economia un terreno di crescita per tutti\u00a0e non una fonte di ricchezza per pochi<\/strong>.<\/li>\n<\/ul>\n<p>&nbsp;<\/p>\n<p>Con i nostri errori e \u00a0le nostre debolezze, ci sforziamo di costruire un modello di business che crei relazioni umane, che <strong>migliori la vita di tutti<\/strong>\u00a0e non solo di alcuni.<br \/>\nSolo da una <strong>economia capace di\u00a0costruire comunione e relazioni<\/strong>\u00a0fra donne e uomini daremo un\u00a0<strong>futuro migliore ai nostri figli ed una vita pi\u00f9 serena a noi stessi<\/strong>.<\/p>\n<p>&nbsp;<\/p>\n<p><em>Benvenut\u0259 in MEET IT!<\/em><\/p>\n<p>&nbsp;<\/p>\n<\/div>","protected":false},"excerpt":{"rendered":"<p>\u00abL\u2019educazione dovrebbe inculcare l\u2019idea che l\u2019umanit\u00e0 \u00e8 una sola famiglia con interessi comuni. Che di conseguenza la collaborazione \u00e8 pi\u00f9 importante della competizione.\u00bb \u2013 Bertrand Russell &nbsp; Questo \u00e8 MEET IT. Siamo due aziende unite da valori e da un portafoglio di servizi integrato. Abbiamo deciso che collaborare sia molto pi\u00f9 produttivo e stimolante del [&hellip;]<\/p>\n","protected":false},"author":1,"featured_media":1408,"parent":0,"menu_order":0,"comment_status":"closed","ping_status":"closed","template":"","meta":{"_acf_changed":false,"footnotes":""},"class_list":["post-156","page","type-page","status-publish","has-post-thumbnail","hentry"],"acf":[],"yoast_head":"<!-- This site is optimized with the Yoast SEO plugin v27.2 - https:\/\/yoast.com\/product\/yoast-seo-wordpress\/ -->\n<title>Valori MEET IT<\/title>\n<meta name=\"description\" content=\"Valori MEET IT: i principi che ci hanno unito e che ogni giorno determinano il nostro modo di lavorare e di rapportarci al cliente.\" \/>\n<meta name=\"robots\" content=\"index, follow, max-snippet:-1, max-image-preview:large, max-video-preview:-1\" \/>\n<link rel=\"canonical\" href=\"https:\/\/www.meetit.cloud\/en-us\/valori-meet-it\/\" \/>\n<meta property=\"og:locale\" content=\"en_US\" \/>\n<meta property=\"og:type\" content=\"article\" \/>\n<meta property=\"og:title\" content=\"Valori MEET IT\" \/>\n<meta property=\"og:description\" content=\"Valori MEET IT: i principi che ci hanno unito e che ogni giorno determinano il nostro modo di lavorare e di rapportarci al cliente.\" \/>\n<meta property=\"og:url\" content=\"https:\/\/www.meetit.cloud\/en-us\/valori-meet-it\/\" \/>\n<meta property=\"og:site_name\" content=\"3CiME - NT - MEET IT\" \/>\n<meta property=\"article:modified_time\" content=\"2023-08-01T14:30:07+00:00\" \/>\n<meta property=\"og:image\" content=\"https:\/\/www.meetit.cloud\/wp-content\/uploads\/Sharing-economy-1024x512.png\" \/>\n\t<meta property=\"og:image:width\" content=\"1024\" \/>\n\t<meta property=\"og:image:height\" content=\"512\" \/>\n\t<meta property=\"og:image:type\" content=\"image\/png\" \/>\n<script type=\"application\/ld+json\" class=\"yoast-schema-graph\">{\"@context\":\"https:\/\/schema.org\",\"@graph\":[{\"@type\":\"WebPage\",\"@id\":\"https:\/\/www.meetit.cloud\/it-it\/valori-meet-it\/\",\"url\":\"https:\/\/www.meetit.cloud\/it-it\/valori-meet-it\/\",\"name\":\"Valori MEET IT\",\"isPartOf\":{\"@id\":\"https:\/\/www.meetit.cloud\/#website\"},\"primaryImageOfPage\":{\"@id\":\"https:\/\/www.meetit.cloud\/it-it\/valori-meet-it\/#primaryimage\"},\"image\":{\"@id\":\"https:\/\/www.meetit.cloud\/it-it\/valori-meet-it\/#primaryimage\"},\"thumbnailUrl\":\"https:\/\/www.meetit.cloud\/wp-content\/uploads\/Sharing-economy.png\",\"datePublished\":\"2023-02-15T15:51:11+00:00\",\"dateModified\":\"2023-08-01T14:30:07+00:00\",\"description\":\"Valori MEET IT: i principi che ci hanno unito e che ogni giorno determinano il nostro modo di lavorare e di rapportarci al cliente.\",\"breadcrumb\":{\"@id\":\"https:\/\/www.meetit.cloud\/it-it\/valori-meet-it\/#breadcrumb\"},\"inLanguage\":\"en-US\",\"potentialAction\":[{\"@type\":\"ReadAction\",\"target\":[\"https:\/\/www.meetit.cloud\/it-it\/valori-meet-it\/\"]}]},{\"@type\":\"ImageObject\",\"inLanguage\":\"en-US\",\"@id\":\"https:\/\/www.meetit.cloud\/it-it\/valori-meet-it\/#primaryimage\",\"url\":\"https:\/\/www.meetit.cloud\/wp-content\/uploads\/Sharing-economy.png\",\"contentUrl\":\"https:\/\/www.meetit.cloud\/wp-content\/uploads\/Sharing-economy.png\",\"width\":6912,\"height\":3456,\"caption\":\"Valori MEET IT\"},{\"@type\":\"BreadcrumbList\",\"@id\":\"https:\/\/www.meetit.cloud\/it-it\/valori-meet-it\/#breadcrumb\",\"itemListElement\":[{\"@type\":\"ListItem\",\"position\":1,\"name\":\"Home\",\"item\":\"https:\/\/www.meetit.cloud\/\"},{\"@type\":\"ListItem\",\"position\":2,\"name\":\"Valori\"}]},{\"@type\":\"WebSite\",\"@id\":\"https:\/\/www.meetit.cloud\/#website\",\"url\":\"https:\/\/www.meetit.cloud\/\",\"name\":\"3CiME - NT - MEET IT\",\"description\":\"\",\"publisher\":{\"@id\":\"https:\/\/www.meetit.cloud\/#organization\"},\"potentialAction\":[{\"@type\":\"SearchAction\",\"target\":{\"@type\":\"EntryPoint\",\"urlTemplate\":\"https:\/\/www.meetit.cloud\/?s={search_term_string}\"},\"query-input\":{\"@type\":\"PropertyValueSpecification\",\"valueRequired\":true,\"valueName\":\"search_term_string\"}}],\"inLanguage\":\"en-US\"},{\"@type\":\"Organization\",\"@id\":\"https:\/\/www.meetit.cloud\/#organization\",\"name\":\"MEET IT\",\"alternateName\":\"MEET IT - 3CiME - NT\",\"url\":\"https:\/\/www.meetit.cloud\/\",\"logo\":{\"@type\":\"ImageObject\",\"inLanguage\":\"en-US\",\"@id\":\"https:\/\/www.meetit.cloud\/#\/schema\/logo\/image\/\",\"url\":\"https:\/\/www.meetit.cloud\/wp-content\/uploads\/Logo-MEET-IT-500x390-1.png\",\"contentUrl\":\"https:\/\/www.meetit.cloud\/wp-content\/uploads\/Logo-MEET-IT-500x390-1.png\",\"width\":500,\"height\":390,\"caption\":\"MEET IT\"},\"image\":{\"@id\":\"https:\/\/www.meetit.cloud\/#\/schema\/logo\/image\/\"}}]}<\/script>\n<!-- \/ Yoast SEO plugin. -->","yoast_head_json":{"title":"Valori MEET IT","description":"Valori MEET IT: i principi che ci hanno unito e che ogni giorno determinano il nostro modo di lavorare e di rapportarci al cliente.","robots":{"index":"index","follow":"follow","max-snippet":"max-snippet:-1","max-image-preview":"max-image-preview:large","max-video-preview":"max-video-preview:-1"},"canonical":"https:\/\/www.meetit.cloud\/en-us\/valori-meet-it\/","og_locale":"en_US","og_type":"article","og_title":"Valori MEET IT","og_description":"Valori MEET IT: i principi che ci hanno unito e che ogni giorno determinano il nostro modo di lavorare e di rapportarci al cliente.","og_url":"https:\/\/www.meetit.cloud\/en-us\/valori-meet-it\/","og_site_name":"3CiME - NT - MEET IT","article_modified_time":"2023-08-01T14:30:07+00:00","og_image":[{"width":1024,"height":512,"url":"https:\/\/www.meetit.cloud\/wp-content\/uploads\/Sharing-economy-1024x512.png","type":"image\/png"}],"schema":{"@context":"https:\/\/schema.org","@graph":[{"@type":"WebPage","@id":"https:\/\/www.meetit.cloud\/it-it\/valori-meet-it\/","url":"https:\/\/www.meetit.cloud\/it-it\/valori-meet-it\/","name":"Valori MEET IT","isPartOf":{"@id":"https:\/\/www.meetit.cloud\/#website"},"primaryImageOfPage":{"@id":"https:\/\/www.meetit.cloud\/it-it\/valori-meet-it\/#primaryimage"},"image":{"@id":"https:\/\/www.meetit.cloud\/it-it\/valori-meet-it\/#primaryimage"},"thumbnailUrl":"https:\/\/www.meetit.cloud\/wp-content\/uploads\/Sharing-economy.png","datePublished":"2023-02-15T15:51:11+00:00","dateModified":"2023-08-01T14:30:07+00:00","description":"Valori MEET IT: i principi che ci hanno unito e che ogni giorno determinano il nostro modo di lavorare e di rapportarci al cliente.","breadcrumb":{"@id":"https:\/\/www.meetit.cloud\/it-it\/valori-meet-it\/#breadcrumb"},"inLanguage":"en-US","potentialAction":[{"@type":"ReadAction","target":["https:\/\/www.meetit.cloud\/it-it\/valori-meet-it\/"]}]},{"@type":"ImageObject","inLanguage":"en-US","@id":"https:\/\/www.meetit.cloud\/it-it\/valori-meet-it\/#primaryimage","url":"https:\/\/www.meetit.cloud\/wp-content\/uploads\/Sharing-economy.png","contentUrl":"https:\/\/www.meetit.cloud\/wp-content\/uploads\/Sharing-economy.png","width":6912,"height":3456,"caption":"Valori MEET IT"},{"@type":"BreadcrumbList","@id":"https:\/\/www.meetit.cloud\/it-it\/valori-meet-it\/#breadcrumb","itemListElement":[{"@type":"ListItem","position":1,"name":"Home","item":"https:\/\/www.meetit.cloud\/"},{"@type":"ListItem","position":2,"name":"Valori"}]},{"@type":"WebSite","@id":"https:\/\/www.meetit.cloud\/#website","url":"https:\/\/www.meetit.cloud\/","name":"3CiME - NT - MEET IT","description":"","publisher":{"@id":"https:\/\/www.meetit.cloud\/#organization"},"potentialAction":[{"@type":"SearchAction","target":{"@type":"EntryPoint","urlTemplate":"https:\/\/www.meetit.cloud\/?s={search_term_string}"},"query-input":{"@type":"PropertyValueSpecification","valueRequired":true,"valueName":"search_term_string"}}],"inLanguage":"en-US"},{"@type":"Organization","@id":"https:\/\/www.meetit.cloud\/#organization","name":"MEET IT","alternateName":"MEET IT - 3CiME - NT","url":"https:\/\/www.meetit.cloud\/","logo":{"@type":"ImageObject","inLanguage":"en-US","@id":"https:\/\/www.meetit.cloud\/#\/schema\/logo\/image\/","url":"https:\/\/www.meetit.cloud\/wp-content\/uploads\/Logo-MEET-IT-500x390-1.png","contentUrl":"https:\/\/www.meetit.cloud\/wp-content\/uploads\/Logo-MEET-IT-500x390-1.png","width":500,"height":390,"caption":"MEET IT"},"image":{"@id":"https:\/\/www.meetit.cloud\/#\/schema\/logo\/image\/"}}]}},"_links":{"self":[{"href":"https:\/\/www.meetit.cloud\/en-us\/wp-json\/wp\/v2\/pages\/156","targetHints":{"allow":["GET"]}}],"collection":[{"href":"https:\/\/www.meetit.cloud\/en-us\/wp-json\/wp\/v2\/pages"}],"about":[{"href":"https:\/\/www.meetit.cloud\/en-us\/wp-json\/wp\/v2\/types\/page"}],"author":[{"embeddable":true,"href":"https:\/\/www.meetit.cloud\/en-us\/wp-json\/wp\/v2\/users\/1"}],"replies":[{"embeddable":true,"href":"https:\/\/www.meetit.cloud\/en-us\/wp-json\/wp\/v2\/comments?post=156"}],"version-history":[{"count":22,"href":"https:\/\/www.meetit.cloud\/en-us\/wp-json\/wp\/v2\/pages\/156\/revisions"}],"predecessor-version":[{"id":2638,"href":"https:\/\/www.meetit.cloud\/en-us\/wp-json\/wp\/v2\/pages\/156\/revisions\/2638"}],"wp:featuredmedia":[{"embeddable":true,"href":"https:\/\/www.meetit.cloud\/en-us\/wp-json\/wp\/v2\/media\/1408"}],"wp:attachment":[{"href":"https:\/\/www.meetit.cloud\/en-us\/wp-json\/wp\/v2\/media?parent=156"}],"curies":[{"name":"wp","href":"https:\/\/api.w.org\/{rel}","templated":true}]}}