{"id":6094,"date":"2025-05-29T17:25:26","date_gmt":"2025-05-29T15:25:26","guid":{"rendered":"https:\/\/www.meetit.cloud\/?page_id=6094"},"modified":"2025-05-29T17:32:11","modified_gmt":"2025-05-29T15:32:11","slug":"babelpeak","status":"publish","type":"page","link":"https:\/\/www.meetit.cloud\/en-us\/babelpeak\/","title":{"rendered":"BabelPeak"},"content":{"rendered":"<p>&nbsp;<\/p>\n<p><em>Consulenza e Sviluppo AI<\/em><\/p>\n<p>&nbsp;<\/p>\n<p><img decoding=\"async\" class=\"alignnone wp-image-6133\" src=\"https:\/\/www.meetit.cloud\/wp-content\/uploads\/logo-babel-peak.jpg\" alt=\"logo babel peak\" width=\"344\" height=\"114\" srcset=\"https:\/\/www.meetit.cloud\/wp-content\/uploads\/logo-babel-peak.jpg 474w, https:\/\/www.meetit.cloud\/wp-content\/uploads\/logo-babel-peak-300x99.jpg 300w, https:\/\/www.meetit.cloud\/wp-content\/uploads\/logo-babel-peak-18x6.jpg 18w\" sizes=\"(max-width: 344px) 100vw, 344px\" \/><\/p>\n<p>&nbsp;<\/p>\n<p>&nbsp;<\/p>\n<p><a href=\"https:\/\/babelpeak.com\/\" target=\"_blank\" rel=\"noopener\">BabelPeak<\/a> \u00e8 una giovane e promettente realt\u00e0 emiliana che offre servizi di <strong>consulenza e sviluppo di soluzioni AI personalizzate<\/strong>.<\/p>\n<p>La sua offerta si basa su una profonda comprensione degli obiettivi aziendali, seguita da un\u2019analisi accurata del potenziale dell\u2019AI per ottimizzare le operazioni.<\/p>\n<p>Il Team BP si occupa principalmente di:<\/p>\n<ul>\n<li>Servizi di <strong>consulenza ML e AI<\/strong><\/li>\n<li>Sviluppo <strong>sistemi AI<\/strong> (con relative PoC)<\/li>\n<li><strong>Audit e ottimizzazione delle soluzioni di AI interne<\/strong><\/li>\n<li><strong>Analisi dei dati<\/strong> (ad es. qualit\u00e0. Stratificazione, accuratezza statistica, scalabilit\u00e0, integrit\u00e0, ecc.) per massimizzare il valore delle decisioni basate sui dati<\/li>\n<\/ul>\n<p>&nbsp;<\/p>\n<h2><span style=\"color: #00568d;\">Servizi<\/span><\/h2>\n<p><strong><img decoding=\"async\" class=\"wp-image-6128 alignleft\" src=\"https:\/\/www.meetit.cloud\/wp-content\/uploads\/assistente-documentale-intelligente-ai.png\" alt=\"assistente documentale intelligente ai\" width=\"114\" height=\"114\" srcset=\"https:\/\/www.meetit.cloud\/wp-content\/uploads\/assistente-documentale-intelligente-ai.png 750w, https:\/\/www.meetit.cloud\/wp-content\/uploads\/assistente-documentale-intelligente-ai-300x300.png 300w, https:\/\/www.meetit.cloud\/wp-content\/uploads\/assistente-documentale-intelligente-ai-150x150.png 150w, https:\/\/www.meetit.cloud\/wp-content\/uploads\/assistente-documentale-intelligente-ai-12x12.png 12w, https:\/\/www.meetit.cloud\/wp-content\/uploads\/elementor\/thumbs\/assistente-documentale-intelligente-ai-r6j0ku8jeuebdfalfnudrebnuxzbovwf96m0ws0eeg.png 100w\" sizes=\"(max-width: 114px) 100vw, 114px\" \/>Assistente Documentale Intelligente<\/strong> (GraphRAG)<br \/>\nSi tratta di un assistente documentale avanzato che trasforma la gestione e consultazione dei documenti complessi in un\u2019esplorazione rapida, tecnica e molto precisa. Ideale per i team che necessitano di informazioni mirate da ricavare in grandi manuali e lunghi documenti tecnici.<\/p>\n<p><strong><img decoding=\"async\" class=\"wp-image-6129 alignleft\" src=\"https:\/\/www.meetit.cloud\/wp-content\/uploads\/ai-powered-tool-di-analisi-aziendale.png\" alt=\"ai powered tool di analisi aziendale\" width=\"113\" height=\"113\" srcset=\"https:\/\/www.meetit.cloud\/wp-content\/uploads\/ai-powered-tool-di-analisi-aziendale.png 625w, https:\/\/www.meetit.cloud\/wp-content\/uploads\/ai-powered-tool-di-analisi-aziendale-300x300.png 300w, https:\/\/www.meetit.cloud\/wp-content\/uploads\/ai-powered-tool-di-analisi-aziendale-150x150.png 150w, https:\/\/www.meetit.cloud\/wp-content\/uploads\/ai-powered-tool-di-analisi-aziendale-12x12.png 12w\" sizes=\"(max-width: 113px) 100vw, 113px\" \/>AI-Powered Tool di analisi aziendale<\/strong><br \/>\nUna piattaforma innovativa che consente di avere una panoramica del tessuto imprenditoriale italiano, raccogliendo in una mappa e un database oltre 2,5 milioni di piccole e medie imprese. Ideale ad esempio per cercare nuovi clienti o fornitori in un determinato settore o localit\u00e0, oppure per settore\/fatturato o altri parametri a scelta<\/p>\n<p><strong><img loading=\"lazy\" decoding=\"async\" class=\"wp-image-6130 alignleft\" src=\"https:\/\/www.meetit.cloud\/wp-content\/uploads\/assistente-vocale-call-e.png\" alt=\"assistente vocale call-e\" width=\"104\" height=\"104\" srcset=\"https:\/\/www.meetit.cloud\/wp-content\/uploads\/assistente-vocale-call-e.png 750w, https:\/\/www.meetit.cloud\/wp-content\/uploads\/assistente-vocale-call-e-300x300.png 300w, https:\/\/www.meetit.cloud\/wp-content\/uploads\/assistente-vocale-call-e-150x150.png 150w, https:\/\/www.meetit.cloud\/wp-content\/uploads\/assistente-vocale-call-e-12x12.png 12w\" sizes=\"(max-width: 104px) 100vw, 104px\" \/>Assistente Vocale Call-E<br \/>\n<\/strong>Si tratta di una moderna tecnologia nel campo della sintesi vocale che ridefinisce la gestione telefonica e d\u00e0 una nuova vita ai centralini automatizzati, alla loro gestione e voce.<\/p>\n<p>&nbsp;<\/p>\n<p>&nbsp;<\/p>\n<p>&nbsp;<\/p>\n<p><strong>Vuoi saperne di pi\u00f9 o richiedere un incontro per definire un progetto su misura? <a href=\"mailto:info@ntonline.it\" target=\"_blank\" rel=\"noopener\"><u>Contattaci!<\/u><\/a><\/strong><\/p>\n<p>BabelPeak ed NT sono a tua disposizione per trovare insieme la soluzione ideale per le tue necessit\u00e0 in ambito AI, sia hardware che software.<\/p>\n<p><strong>\u00a0<\/strong><\/p>\n<p>&nbsp;<\/p>","protected":false},"excerpt":{"rendered":"<p>&nbsp; Consulenza e Sviluppo AI &nbsp; &nbsp; &nbsp; BabelPeak \u00e8 una giovane e promettente realt\u00e0 emiliana che offre servizi di consulenza e sviluppo di soluzioni AI personalizzate. La sua offerta si basa su una profonda comprensione degli obiettivi aziendali, seguita da un\u2019analisi accurata del potenziale dell\u2019AI per ottimizzare le operazioni. Il Team BP si occupa [&hellip;]<\/p>\n","protected":false},"author":3,"featured_media":6095,"parent":0,"menu_order":0,"comment_status":"closed","ping_status":"closed","template":"","meta":{"_acf_changed":false,"footnotes":""},"class_list":["post-6094","page","type-page","status-publish","has-post-thumbnail","hentry"],"acf":[],"yoast_head":"<!-- This site is optimized with the Yoast SEO plugin v27.2 - https:\/\/yoast.com\/product\/yoast-seo-wordpress\/ -->\n<title>BabelPeak - 3CiME - NT - MEET IT<\/title>\n<meta name=\"robots\" content=\"index, follow, max-snippet:-1, max-image-preview:large, max-video-preview:-1\" \/>\n<link rel=\"canonical\" href=\"https:\/\/www.meetit.cloud\/en-us\/babelpeak\/\" \/>\n<meta property=\"og:locale\" content=\"en_US\" \/>\n<meta property=\"og:type\" content=\"article\" \/>\n<meta property=\"og:title\" content=\"BabelPeak - 3CiME - NT - MEET IT\" \/>\n<meta property=\"og:description\" content=\"&nbsp; Consulenza e Sviluppo AI &nbsp; &nbsp; &nbsp; BabelPeak \u00e8 una giovane e promettente realt\u00e0 emiliana che offre servizi di consulenza e sviluppo di soluzioni AI personalizzate. La sua offerta si basa su una profonda comprensione degli obiettivi aziendali, seguita da un\u2019analisi accurata del potenziale dell\u2019AI per ottimizzare le operazioni. Il Team BP si occupa [&hellip;]\" \/>\n<meta property=\"og:url\" content=\"https:\/\/www.meetit.cloud\/en-us\/babelpeak\/\" \/>\n<meta property=\"og:site_name\" content=\"3CiME - NT - MEET IT\" \/>\n<meta property=\"article:modified_time\" content=\"2025-05-29T15:32:11+00:00\" \/>\n<meta property=\"og:image\" content=\"https:\/\/www.meetit.cloud\/wp-content\/uploads\/Babel-Peak-AI.png\" \/>\n\t<meta property=\"og:image:width\" content=\"969\" \/>\n\t<meta property=\"og:image:height\" content=\"630\" \/>\n\t<meta property=\"og:image:type\" content=\"image\/png\" \/>\n<script type=\"application\/ld+json\" class=\"yoast-schema-graph\">{\"@context\":\"https:\/\/schema.org\",\"@graph\":[{\"@type\":\"WebPage\",\"@id\":\"https:\/\/www.meetit.cloud\/babelpeak\/\",\"url\":\"https:\/\/www.meetit.cloud\/babelpeak\/\",\"name\":\"BabelPeak - 3CiME - NT - MEET IT\",\"isPartOf\":{\"@id\":\"https:\/\/www.meetit.cloud\/#website\"},\"primaryImageOfPage\":{\"@id\":\"https:\/\/www.meetit.cloud\/babelpeak\/#primaryimage\"},\"image\":{\"@id\":\"https:\/\/www.meetit.cloud\/babelpeak\/#primaryimage\"},\"thumbnailUrl\":\"https:\/\/www.meetit.cloud\/wp-content\/uploads\/Babel-Peak-AI.png\",\"datePublished\":\"2025-05-29T15:25:26+00:00\",\"dateModified\":\"2025-05-29T15:32:11+00:00\",\"breadcrumb\":{\"@id\":\"https:\/\/www.meetit.cloud\/babelpeak\/#breadcrumb\"},\"inLanguage\":\"en-US\",\"potentialAction\":[{\"@type\":\"ReadAction\",\"target\":[\"https:\/\/www.meetit.cloud\/babelpeak\/\"]}]},{\"@type\":\"ImageObject\",\"inLanguage\":\"en-US\",\"@id\":\"https:\/\/www.meetit.cloud\/babelpeak\/#primaryimage\",\"url\":\"https:\/\/www.meetit.cloud\/wp-content\/uploads\/Babel-Peak-AI.png\",\"contentUrl\":\"https:\/\/www.meetit.cloud\/wp-content\/uploads\/Babel-Peak-AI.png\",\"width\":969,\"height\":630,\"caption\":\"Babel Peak AI\"},{\"@type\":\"BreadcrumbList\",\"@id\":\"https:\/\/www.meetit.cloud\/babelpeak\/#breadcrumb\",\"itemListElement\":[{\"@type\":\"ListItem\",\"position\":1,\"name\":\"Home\",\"item\":\"https:\/\/www.meetit.cloud\/it-it\/\"},{\"@type\":\"ListItem\",\"position\":2,\"name\":\"BabelPeak\"}]},{\"@type\":\"WebSite\",\"@id\":\"https:\/\/www.meetit.cloud\/#website\",\"url\":\"https:\/\/www.meetit.cloud\/\",\"name\":\"3CiME - NT - MEET IT\",\"description\":\"\",\"publisher\":{\"@id\":\"https:\/\/www.meetit.cloud\/#organization\"},\"potentialAction\":[{\"@type\":\"SearchAction\",\"target\":{\"@type\":\"EntryPoint\",\"urlTemplate\":\"https:\/\/www.meetit.cloud\/?s={search_term_string}\"},\"query-input\":{\"@type\":\"PropertyValueSpecification\",\"valueRequired\":true,\"valueName\":\"search_term_string\"}}],\"inLanguage\":\"en-US\"},{\"@type\":\"Organization\",\"@id\":\"https:\/\/www.meetit.cloud\/#organization\",\"name\":\"MEET IT\",\"alternateName\":\"MEET IT - 3CiME - NT\",\"url\":\"https:\/\/www.meetit.cloud\/\",\"logo\":{\"@type\":\"ImageObject\",\"inLanguage\":\"en-US\",\"@id\":\"https:\/\/www.meetit.cloud\/#\/schema\/logo\/image\/\",\"url\":\"https:\/\/www.meetit.cloud\/wp-content\/uploads\/Logo-MEET-IT-500x390-1.png\",\"contentUrl\":\"https:\/\/www.meetit.cloud\/wp-content\/uploads\/Logo-MEET-IT-500x390-1.png\",\"width\":500,\"height\":390,\"caption\":\"MEET IT\"},\"image\":{\"@id\":\"https:\/\/www.meetit.cloud\/#\/schema\/logo\/image\/\"}}]}<\/script>\n<!-- \/ Yoast SEO plugin. -->","yoast_head_json":{"title":"BabelPeak - 3CiME - NT - MEET IT","robots":{"index":"index","follow":"follow","max-snippet":"max-snippet:-1","max-image-preview":"max-image-preview:large","max-video-preview":"max-video-preview:-1"},"canonical":"https:\/\/www.meetit.cloud\/en-us\/babelpeak\/","og_locale":"en_US","og_type":"article","og_title":"BabelPeak - 3CiME - NT - MEET IT","og_description":"&nbsp; Consulenza e Sviluppo AI &nbsp; &nbsp; &nbsp; BabelPeak \u00e8 una giovane e promettente realt\u00e0 emiliana che offre servizi di consulenza e sviluppo di soluzioni AI personalizzate. La sua offerta si basa su una profonda comprensione degli obiettivi aziendali, seguita da un\u2019analisi accurata del potenziale dell\u2019AI per ottimizzare le operazioni. Il Team BP si occupa [&hellip;]","og_url":"https:\/\/www.meetit.cloud\/en-us\/babelpeak\/","og_site_name":"3CiME - NT - MEET IT","article_modified_time":"2025-05-29T15:32:11+00:00","og_image":[{"width":969,"height":630,"url":"https:\/\/www.meetit.cloud\/wp-content\/uploads\/Babel-Peak-AI.png","type":"image\/png"}],"schema":{"@context":"https:\/\/schema.org","@graph":[{"@type":"WebPage","@id":"https:\/\/www.meetit.cloud\/babelpeak\/","url":"https:\/\/www.meetit.cloud\/babelpeak\/","name":"BabelPeak - 3CiME - NT - MEET IT","isPartOf":{"@id":"https:\/\/www.meetit.cloud\/#website"},"primaryImageOfPage":{"@id":"https:\/\/www.meetit.cloud\/babelpeak\/#primaryimage"},"image":{"@id":"https:\/\/www.meetit.cloud\/babelpeak\/#primaryimage"},"thumbnailUrl":"https:\/\/www.meetit.cloud\/wp-content\/uploads\/Babel-Peak-AI.png","datePublished":"2025-05-29T15:25:26+00:00","dateModified":"2025-05-29T15:32:11+00:00","breadcrumb":{"@id":"https:\/\/www.meetit.cloud\/babelpeak\/#breadcrumb"},"inLanguage":"en-US","potentialAction":[{"@type":"ReadAction","target":["https:\/\/www.meetit.cloud\/babelpeak\/"]}]},{"@type":"ImageObject","inLanguage":"en-US","@id":"https:\/\/www.meetit.cloud\/babelpeak\/#primaryimage","url":"https:\/\/www.meetit.cloud\/wp-content\/uploads\/Babel-Peak-AI.png","contentUrl":"https:\/\/www.meetit.cloud\/wp-content\/uploads\/Babel-Peak-AI.png","width":969,"height":630,"caption":"Babel Peak AI"},{"@type":"BreadcrumbList","@id":"https:\/\/www.meetit.cloud\/babelpeak\/#breadcrumb","itemListElement":[{"@type":"ListItem","position":1,"name":"Home","item":"https:\/\/www.meetit.cloud\/it-it\/"},{"@type":"ListItem","position":2,"name":"BabelPeak"}]},{"@type":"WebSite","@id":"https:\/\/www.meetit.cloud\/#website","url":"https:\/\/www.meetit.cloud\/","name":"3CiME - NT - MEET IT","description":"","publisher":{"@id":"https:\/\/www.meetit.cloud\/#organization"},"potentialAction":[{"@type":"SearchAction","target":{"@type":"EntryPoint","urlTemplate":"https:\/\/www.meetit.cloud\/?s={search_term_string}"},"query-input":{"@type":"PropertyValueSpecification","valueRequired":true,"valueName":"search_term_string"}}],"inLanguage":"en-US"},{"@type":"Organization","@id":"https:\/\/www.meetit.cloud\/#organization","name":"MEET IT","alternateName":"MEET IT - 3CiME - NT","url":"https:\/\/www.meetit.cloud\/","logo":{"@type":"ImageObject","inLanguage":"en-US","@id":"https:\/\/www.meetit.cloud\/#\/schema\/logo\/image\/","url":"https:\/\/www.meetit.cloud\/wp-content\/uploads\/Logo-MEET-IT-500x390-1.png","contentUrl":"https:\/\/www.meetit.cloud\/wp-content\/uploads\/Logo-MEET-IT-500x390-1.png","width":500,"height":390,"caption":"MEET IT"},"image":{"@id":"https:\/\/www.meetit.cloud\/#\/schema\/logo\/image\/"}}]}},"_links":{"self":[{"href":"https:\/\/www.meetit.cloud\/en-us\/wp-json\/wp\/v2\/pages\/6094","targetHints":{"allow":["GET"]}}],"collection":[{"href":"https:\/\/www.meetit.cloud\/en-us\/wp-json\/wp\/v2\/pages"}],"about":[{"href":"https:\/\/www.meetit.cloud\/en-us\/wp-json\/wp\/v2\/types\/page"}],"author":[{"embeddable":true,"href":"https:\/\/www.meetit.cloud\/en-us\/wp-json\/wp\/v2\/users\/3"}],"replies":[{"embeddable":true,"href":"https:\/\/www.meetit.cloud\/en-us\/wp-json\/wp\/v2\/comments?post=6094"}],"version-history":[{"count":12,"href":"https:\/\/www.meetit.cloud\/en-us\/wp-json\/wp\/v2\/pages\/6094\/revisions"}],"predecessor-version":[{"id":6134,"href":"https:\/\/www.meetit.cloud\/en-us\/wp-json\/wp\/v2\/pages\/6094\/revisions\/6134"}],"wp:featuredmedia":[{"embeddable":true,"href":"https:\/\/www.meetit.cloud\/en-us\/wp-json\/wp\/v2\/media\/6095"}],"wp:attachment":[{"href":"https:\/\/www.meetit.cloud\/en-us\/wp-json\/wp\/v2\/media?parent=6094"}],"curies":[{"name":"wp","href":"https:\/\/api.w.org\/{rel}","templated":true}]}}