{"id":3,"date":"2023-02-08T16:04:43","date_gmt":"2023-02-08T15:04:43","guid":{"rendered":"https:\/\/3ciment.com\/?page_id=3"},"modified":"2025-09-30T16:04:32","modified_gmt":"2025-09-30T14:04:32","slug":"privacy-policy","status":"publish","type":"page","link":"https:\/\/www.meetit.cloud\/it-it\/privacy-policy\/","title":{"rendered":"Privacy Policy"},"content":{"rendered":"\r\n<p>&nbsp;<\/p>\r\n<h2 class=\"wp-block-heading\"><strong>PREMESSE<\/strong><\/h2>\r\n<p>Vogliamo informarvi come le Societ\u00e0 del Gruppo MEET IT 3CiME Technology S.r.l. e NT Nuove Tecnologie S.r.l. raccolgono e trattano i dati personali dei propri utenti e in generale i dati riferiti alle persone fisiche trattati nello svolgimento delle sue attivit\u00e0 per assicurare la massima trasparenza relativamente alle informazioni che il sito raccoglie e di come le usa.<\/p>\r\n<p>In ottemperanza degli obblighi derivanti dalla normativa nazionale (D. Lgs 30 giugno 2003 n. 196, Codice in materia di protezione dei dati personali, e successive modifiche) ed europea (Regolamento europeo per la protezione dei dati personali n. 679\/2016, GDPR), il presente sito rispetta e tutela la riservatezza dei visitatori e degli utenti, ponendo in essere ogni sforzo possibile e proporzionato per non ledere i diritti degli utenti.<\/p>\r\n<p>&nbsp;<\/p>\r\n<h2><strong>PRIVACY POLICY<\/strong><\/h2>\r\n<p>In questa pagina si descrivono le modalit\u00e0 di gestione del sito <a href=\"http:\/\/www.meetit.cloud\" target=\"_blank\" rel=\"noopener\">www.meetit.cloud<\/a> (<a href=\"http:\/\/www.3cime.com\" target=\"_blank\" rel=\"noopener\">www.3cime.com<\/a> e <a href=\"http:\/\/www.ntonline.it\" target=\"_blank\" rel=\"noopener\">www.ntonline.it<\/a>) in riferimento al trattamento dei dati personali degli utenti che lo consultano e a coloro che interagiscono con i servizi web accessibili per via telematica a partire dall\u2019indirizzo <a href=\"https:\/\/www.meetit.cloud\/\" target=\"_blank\" rel=\"noopener\">https:\/\/www.meetit.cloud\/<\/a>, corrispondente alla pagina iniziale del sito ufficiale della societ\u00e0.<\/p>\r\n<p>La presente informativa \u00e8 resa solo per il sito <a href=\"https:\/\/www.meetit.cloud\" target=\"_blank\" rel=\"noopener\">https:\/\/www.meetit.cloud<\/a> (<a href=\"http:\/\/www.3cime.com\" target=\"_blank\" rel=\"noopener\">www.3cime.com<\/a> e <a href=\"http:\/\/www.ntonline.it\" target=\"_blank\" rel=\"noopener\">www.ntonline.it<\/a>) e non anche per gli altri siti web eventualmente consultati dall\u2019utente tramite link.<\/p>\r\n<p>L\u2019informativa si ispira anche alla Raccomandazione n. 2\/2001 che le autorit\u00e0 europee per la protezione dei dati personali, riunite nel Gruppo istituito dall\u2019art. 29 della direttiva n. 95\/46\/CE, hanno adottato il 17 maggio 2001 per individuare alcuni requisiti minimi per la raccolta dei dati personali on-line, e in particolare le modalit\u00e0, i tempi e la natura delle informazioni che i titolari del trattamento devono fornire agli utenti quando questi si collegano a pagine web, indipendentemente dagli scopi del collegamento.<\/p>\r\n<p>A seguito della consultazione di questo sito possono essere trattati dati relativi a persone identificate o identificabili.<\/p>\r\n<p>&nbsp;<\/p>\r\n<h2><strong>TITOLARE DEL TRATTAMENTO\u00a0\u00a0 <\/strong><\/h2>\r\n<p>3CiME Technology S.r.l. Via di Corticella 89\/2, 40128 \u2013 Bologna, C.F. \/ Partita IVA 02817851203, PEC <a href=\"3cime@legalmail.it\" target=\"_blank\" rel=\"noopener\">3cime@legalmail.it<\/a><\/p>\r\n<p>NT Nuove Tecnologie S.r.l. Viale Alcide De Gasperi 37 \u2013 33100 Udine, Partita IVA 01966200303, PEC\u00a0 <a href=\"info@pec.ntonline.it\" target=\"_blank\" rel=\"noopener\">info@pec.ntonline.it<\/a><\/p>\r\n<p>&nbsp;<\/p>\r\n<h2><strong>RESPONSABILE PER LA PROTEZIONE DATI (DPO)<\/strong>\u00a0\u00a0\u00a0\u00a0\u00a0\u00a0\u00a0\u00a0\u00a0\u00a0\u00a0\u00a0\u00a0<\/h2>\r\n<p>Per qualsiasi domanda relativa agli impegni della societ\u00e0 in merito alla protezione dei dati dell&#8217;utente, o per eventuali reclami, \u00e8 possibile contattare il responsabile della protezione dei dati seguente indirizzo:<\/p>\r\n<p><a href=\"mailto:dpo@wildside.legal\" target=\"_blank\" rel=\"noopener\">dpo@wildside.legal<\/a><\/p>\r\n<p><a href=\"mailto:avv.silviagorini@ordineavvocatibopec.it\" target=\"_blank\" rel=\"noopener\">avv.silviagorini@ordineavvocatibopec.it<\/a><\/p>\r\n<p>&nbsp;<\/p>\r\n<h2><strong>LUOGO DEL TRATTAMENTO<\/strong>\u00a0\u00a0\u00a0\u00a0\u00a0\u00a0<\/h2>\r\n<p>Presso la predetta sede della Societ\u00e0 e sono curati e presso il data center del web Hosting Aruba Ponte San Pietro (BG), che si trova nello spazio economico europeo ed agisce secondo le normative del territorio stesso.<\/p>\r\n<p>&nbsp;<\/p>\r\n<h2><strong>FINALIT\u00c0<\/strong><\/h2>\r\n<p>I dati personali eventualmente forniti dall\u2019utente sono utilizzati per finalit\u00e0 connesse all\u2019esecuzione del servizio o della prestazione richiesta. Nessun dato viene comunicato o diffuso se non per eseguire il servizio o la prestazione richiesta.<\/p>\r\n<p><strong>\u00a0<\/strong><\/p>\r\n<h2><strong>PERIODO DI CONSERVAZIONE DEI DATI E MODALIT\u00c0 DEL TRATTAMENTO<\/strong>\u00a0\u00a0\u00a0\u00a0\u00a0\u00a0\u00a0\u00a0\u00a0\u00a0<\/h2>\r\n<p>I dati raccolti dal sito durante il suo funzionamento sono conservati per il tempo strettamente necessario a svolgere le attivit\u00e0 precisate. Alla scadenza i dati saranno cancellati o anonimizzati, a meno che non sussistano ulteriori finalit\u00e0 per la conservazione degli stessi.<\/p>\r\n<p>Specifiche misure di sicurezza sono osservate per prevenire la perdita dei dati, usi illeciti o non corretti ed accessi non autorizzati.<\/p>\r\n<p>&nbsp;<\/p>\r\n<h3><strong>Dati raccolti in maniera automatizzata<\/strong><\/h3>\r\n<p>Durante la navigazione degli Utenti possono essere raccolte le seguenti informazioni che vengono conservate nei file di log del server (hosting) del sito:<\/p>\r\n<ul>\r\n<li>indirizzo Internet Protocol (IP);<\/li>\r\n<li>tipo di browser;<\/li>\r\n<li>parametri del dispositivo usato per connettersi al sito;<\/li>\r\n<li>nome dell&#8217;internet service provider (ISP);<\/li>\r\n<li>data e orario di visita;<\/li>\r\n<li>pagina web di provenienza del visitatore (referral) e di uscita;<\/li>\r\n<li>eventualmente il numero di click.<\/li>\r\n<\/ul>\r\n<p>Questi dati sono utilizzati a fini di statistica e analisi, in forma esclusivamente aggregata. L\u2019indirizzo IP \u00e8 utilizzato esclusivamente a fini di sicurezza e non \u00e8 incrociato con nessun altro dato.<\/p>\r\n<p>&nbsp;<\/p>\r\n<h3><strong>Dati forniti dall\u2019utente<\/strong><\/h3>\r\n<p>L\u2019invio facoltativo, esplicito e volontario dei dati personali \u2013 anche tramite posta elettronica, moduli per contatti, box commenti &#8211; agli indirizzi indicati su questo sito comporta la successiva e necessaria acquisizione dell\u2019indirizzo del mittente &#8211; nonch\u00e9 degli altri eventuali dati inseriti nella email\u00a0 \u2013 al fine di rispondere alle richieste.<\/p>\r\n<p>L&#8217;utente \u00e8 libero di fornire i dati personali richiesti nei moduli ed il loro mancato conferimento pu\u00f2 comportare l&#8217;impossibilit\u00e0 di ottenere quanto richiesto.<\/p>\r\n<p>Nessun dato viene comunicato o diffuso, se non per eseguire il servizio o la prestazione richiesta. Per rispondere alle e-mail inviate dall\u2019utente, invece, lo si informa che i dati vengono trattati da personale degli uffici competenti, incaricato del trattamento dei dati personali.<\/p>\r\n<p>&nbsp;<\/p>\r\n<h2><strong>UTILIZZO DEI COOKIES<\/strong><\/h2>\r\n<p>I cookies vengono utilizzati sul sito Web <a href=\"https:\/\/www.meetit.cloud\" target=\"_blank\" rel=\"noopener\">https:\/\/www.meetit.cloud<\/a> (<a href=\"http:\/\/www.3cime.com\" target=\"_blank\" rel=\"noopener\">www.3cime.com<\/a> e <a href=\"http:\/\/www.ntonline.it\" target=\"_blank\" rel=\"noopener\">www.ntonline.it<\/a>) e nelle e-mail inviate per offrire agli utenti un servizio ed un&#8217;esperienza migliori. Il sito utilizza cookies analitici, tecnici e di funzionalit\u00e0 per analizzare i modelli di traffico degli utenti che visitano il presente sito Web in modo da migliorarne la fruibilit\u00e0, consentendo di riconoscere gli utenti che tornano a visitare il sito ed i loro dati, cos\u00ec da evitare che debbano essere inserite pi\u00f9 volte le stesse informazioni.<\/p>\r\n<p>I cookies tecnici, ad esempio, permettono agli utenti di usufruire dei servizi richiesti tramite il sito senza dover continuamente effettuare il login e per ricordare eventuali azioni eseguite dall&#8217;utente (come il completamento di un modulo) quando si torna alla pagina precedente di una sessione.<\/p>\r\n<p>I cookies analitici servono alla societ\u00e0 per monitorare l\u2019uso del sito da parte degli utenti per finalit\u00e0 di ottimizzazione del sito e per ottenere informazioni sull&#8217;uso del sito Web, delle e-mail e per avvisare di eventuali errori. Questi cookie permettono anche di ottenere informazioni tecniche dettagliate, quali l&#8217;ultima pagina visitata, il numero di pagine visitate, se un&#8217;e-mail \u00e8 stata aperta, quali parti del sito Web o delle e-mail vengono cliccate dagli utenti e il tempo trascorso fra un clic e l&#8217;altro.<\/p>\r\n<p>Queste informazioni potrebbero essere associate a dettagli dell&#8217;utente quali indirizzo IP, dominio o browser; tuttavia, vengono analizzate insieme ad informazioni di altre persone in modo da non identificare un determinato utente rispetto all&#8217;altro.<\/p>\r\n<p>In tal caso questi cookie sono utilizzati per analizzare e migliorare le prestazioni e il design del sito delle e-mail e per calcolare gli errori che si verificano sul sito per migliorare il servizio e gestire eventuali reclami. I cookie di funzionalit\u00e0 permettono di:<\/p>\r\n<ul>\r\n<li>ricordare le preferenze selezionate dall&#8217;utente durante le visite precedenti, quali paese\/lingua, interessi e presentazione del sito Web (layout, dimensione dei caratteri, colori e cos\u00ec via), cosicch\u00e9 l&#8217;utente non dovr\u00e0 inserire nuovamente queste informazioni;<\/li>\r\n<li>ricordare le risposte alle domande poste dal nostro sito, per esempio sulla partecipazione a sondaggi sulla soddisfazione del cliente, in modo che non vengano ripresentate all&#8217;utente;<\/li>\r\n<li>determinare se un servizio \u00e8 gi\u00e0 stato proposto all&#8217;utente;<\/li>\r\n<li>fornire informazioni che consentono il funzionamento di servizi opzionali.<\/li>\r\n<\/ul>\r\n<p>&nbsp;<\/p>\r\n<h2><strong>CATEGORIE DI SOGGETTI CUI POSSONO ESSERE COMUNICATI I DATI<\/strong><\/h2>\r\n<p>I dati rilevati dal sito generalmente non vengono forniti a terzi, tranne che in casi specifici: legittima richiesta da parte dell\u2019autorit\u00e0 giudiziaria e nei soli casi previsti dalla legge; qualora sia necessario per la fornitura di uno specifico servizio richiesto dell&#8217;Utente; per l&#8217;esecuzione di controlli di sicurezza o di ottimizzazione del sito.<\/p>\r\n<p>&nbsp;<\/p>\r\n<h2><strong>EVENTUALE TRASFERIMENTO ALL\u2019ESTERO DEI DATI PERSONALI<\/strong><\/h2>\r\n<p>Il presente sito potrebbe condividere alcuni dei dati raccolti con servizi localizzati al di fuori dell&#8217;area dell&#8217;Unione Europea. In particolare con Google, Facebook e Microsoft (LinkedIn) tramite i social plugin e il servizio di Google Analytics. Il trasferimento \u00e8 autorizzato in base a specifiche decisioni dell&#8217;Unione Europea e del Garante per la tutela dei dati personali, in particolare la decisione 1250\/2016 (Privacy Shield &#8211; qui la pagina informativa del Garante italiano), per cui non occorre ulteriore consenso. Le aziende sopra menzionate garantiscono la propria adesione al Privacy Shield.<\/p>\r\n<p>&nbsp;<\/p>\r\n<h2><strong>DIRITTI DEGLI INTERESSATI<\/strong><\/h2>\r\n<p>L\u2019interessato pu\u00f2 far valere i diritti di cui agli artt. 15-22 del Regolamento UE, ovvero: il diritto di accesso ai dati, di rettifica ed il diritto alla cancellazione (\u201cdiritto all\u2019oblio\u201d) dei stessi, il diritto di\u00a0 limitarne il trattamento, il diritto alla portabilit\u00e0, il diritto di opposizione al trattamento.\u00a0\u00a0\u00a0<\/p>\r\n<p>Le richieste dovranno pervenire via mail all\u2019indirizzo <a href=\"contratti@3cime.com\" target=\"_blank\" rel=\"noopener\">contratti@3cime.com<\/a>\u00a0o <a href=\"privacy@ntonline.it\" target=\"_blank\" rel=\"noopener\">privacy@ntonline.it<\/a><\/p>\r\n<p>L\u2019interessato potr\u00e0, altres\u00ec, contattare il Responsabile della Protezione dei dati ai seguenti indirizzi: <a href=\"mailto:dpo@wildside.legal\" target=\"_blank\" rel=\"noopener\">dpo@wildside.legal<\/a>, <a href=\"mailto:avv.silviagorini@ordineavvocatibopec.it\" target=\"_blank\" rel=\"noopener\">avv.silviagorini@ordineavvocatibopec.it<\/a>.<\/p>\r\n<p>&nbsp;<\/p>\r\n<p>&nbsp;<\/p>\r\n","protected":false},"excerpt":{"rendered":"<p>&nbsp; PREMESSE Vogliamo informarvi come le Societ\u00e0 del Gruppo MEET IT 3CiME Technology S.r.l. e NT Nuove Tecnologie S.r.l. raccolgono e trattano i dati personali dei propri utenti e in generale i dati riferiti alle persone fisiche trattati nello svolgimento delle sue attivit\u00e0 per assicurare la massima trasparenza relativamente alle informazioni che il sito raccoglie [&hellip;]<\/p>\n","protected":false},"author":1,"featured_media":3931,"parent":0,"menu_order":0,"comment_status":"closed","ping_status":"open","template":"","meta":{"_acf_changed":false,"footnotes":""},"class_list":["post-3","page","type-page","status-publish","has-post-thumbnail","hentry"],"acf":[],"yoast_head":"<!-- This site is optimized with the Yoast SEO plugin v27.2 - https:\/\/yoast.com\/product\/yoast-seo-wordpress\/ -->\n<title>Privacy Policy - 3CiME - NT - MEET IT<\/title>\n<meta name=\"description\" content=\"Privacy Policy. Vogliamo informarvi come il Gruppo MEET IT raccolga e tratti i dati personali dei propri utenti.\" \/>\n<meta name=\"robots\" content=\"index, follow, max-snippet:-1, max-image-preview:large, max-video-preview:-1\" \/>\n<link rel=\"canonical\" href=\"https:\/\/www.meetit.cloud\/it-it\/privacy-policy\/\" \/>\n<meta property=\"og:locale\" content=\"it_IT\" \/>\n<meta property=\"og:type\" content=\"article\" \/>\n<meta property=\"og:title\" content=\"Privacy Policy - 3CiME - NT - MEET IT\" \/>\n<meta property=\"og:description\" content=\"Privacy Policy. Vogliamo informarvi come il Gruppo MEET IT raccolga e tratti i dati personali dei propri utenti.\" \/>\n<meta property=\"og:url\" content=\"https:\/\/www.meetit.cloud\/it-it\/privacy-policy\/\" \/>\n<meta property=\"og:site_name\" content=\"3CiME - NT - MEET IT\" \/>\n<meta property=\"article:modified_time\" content=\"2025-09-30T14:04:32+00:00\" \/>\n<meta property=\"og:image\" content=\"https:\/\/www.meetit.cloud\/wp-content\/uploads\/Privacy-Policy.png\" \/>\n\t<meta property=\"og:image:width\" content=\"969\" \/>\n\t<meta property=\"og:image:height\" content=\"630\" \/>\n\t<meta property=\"og:image:type\" content=\"image\/png\" \/>\n<script type=\"application\/ld+json\" class=\"yoast-schema-graph\">{\"@context\":\"https:\/\/schema.org\",\"@graph\":[{\"@type\":\"WebPage\",\"@id\":\"https:\/\/www.meetit.cloud\/privacy-policy\/\",\"url\":\"https:\/\/www.meetit.cloud\/privacy-policy\/\",\"name\":\"Privacy Policy - 3CiME - NT - MEET IT\",\"isPartOf\":{\"@id\":\"https:\/\/www.meetit.cloud\/#website\"},\"primaryImageOfPage\":{\"@id\":\"https:\/\/www.meetit.cloud\/privacy-policy\/#primaryimage\"},\"image\":{\"@id\":\"https:\/\/www.meetit.cloud\/privacy-policy\/#primaryimage\"},\"thumbnailUrl\":\"https:\/\/www.meetit.cloud\/wp-content\/uploads\/Privacy-Policy.png\",\"datePublished\":\"2023-02-08T15:04:43+00:00\",\"dateModified\":\"2025-09-30T14:04:32+00:00\",\"description\":\"Privacy Policy. Vogliamo informarvi come il Gruppo MEET IT raccolga e tratti i dati personali dei propri utenti.\",\"breadcrumb\":{\"@id\":\"https:\/\/www.meetit.cloud\/privacy-policy\/#breadcrumb\"},\"inLanguage\":\"it-IT\",\"potentialAction\":[{\"@type\":\"ReadAction\",\"target\":[\"https:\/\/www.meetit.cloud\/privacy-policy\/\"]}]},{\"@type\":\"ImageObject\",\"inLanguage\":\"it-IT\",\"@id\":\"https:\/\/www.meetit.cloud\/privacy-policy\/#primaryimage\",\"url\":\"https:\/\/www.meetit.cloud\/wp-content\/uploads\/Privacy-Policy.png\",\"contentUrl\":\"https:\/\/www.meetit.cloud\/wp-content\/uploads\/Privacy-Policy.png\",\"width\":969,\"height\":630,\"caption\":\"Privacy Policy\"},{\"@type\":\"BreadcrumbList\",\"@id\":\"https:\/\/www.meetit.cloud\/privacy-policy\/#breadcrumb\",\"itemListElement\":[{\"@type\":\"ListItem\",\"position\":1,\"name\":\"Home\",\"item\":\"https:\/\/www.meetit.cloud\/it-it\/\"},{\"@type\":\"ListItem\",\"position\":2,\"name\":\"Privacy Policy\"}]},{\"@type\":\"WebSite\",\"@id\":\"https:\/\/www.meetit.cloud\/#website\",\"url\":\"https:\/\/www.meetit.cloud\/\",\"name\":\"3CiME - NT - MEET IT\",\"description\":\"\",\"publisher\":{\"@id\":\"https:\/\/www.meetit.cloud\/#organization\"},\"potentialAction\":[{\"@type\":\"SearchAction\",\"target\":{\"@type\":\"EntryPoint\",\"urlTemplate\":\"https:\/\/www.meetit.cloud\/?s={search_term_string}\"},\"query-input\":{\"@type\":\"PropertyValueSpecification\",\"valueRequired\":true,\"valueName\":\"search_term_string\"}}],\"inLanguage\":\"it-IT\"},{\"@type\":\"Organization\",\"@id\":\"https:\/\/www.meetit.cloud\/#organization\",\"name\":\"MEET IT\",\"alternateName\":\"MEET IT - 3CiME - NT\",\"url\":\"https:\/\/www.meetit.cloud\/\",\"logo\":{\"@type\":\"ImageObject\",\"inLanguage\":\"it-IT\",\"@id\":\"https:\/\/www.meetit.cloud\/#\/schema\/logo\/image\/\",\"url\":\"https:\/\/www.meetit.cloud\/wp-content\/uploads\/Logo-MEET-IT-500x390-1.png\",\"contentUrl\":\"https:\/\/www.meetit.cloud\/wp-content\/uploads\/Logo-MEET-IT-500x390-1.png\",\"width\":500,\"height\":390,\"caption\":\"MEET IT\"},\"image\":{\"@id\":\"https:\/\/www.meetit.cloud\/#\/schema\/logo\/image\/\"}}]}<\/script>\n<!-- \/ Yoast SEO plugin. -->","yoast_head_json":{"title":"Privacy Policy - 3CiME - NT - MEET IT","description":"Privacy Policy. Vogliamo informarvi come il Gruppo MEET IT raccolga e tratti i dati personali dei propri utenti.","robots":{"index":"index","follow":"follow","max-snippet":"max-snippet:-1","max-image-preview":"max-image-preview:large","max-video-preview":"max-video-preview:-1"},"canonical":"https:\/\/www.meetit.cloud\/it-it\/privacy-policy\/","og_locale":"it_IT","og_type":"article","og_title":"Privacy Policy - 3CiME - NT - MEET IT","og_description":"Privacy Policy. Vogliamo informarvi come il Gruppo MEET IT raccolga e tratti i dati personali dei propri utenti.","og_url":"https:\/\/www.meetit.cloud\/it-it\/privacy-policy\/","og_site_name":"3CiME - NT - MEET IT","article_modified_time":"2025-09-30T14:04:32+00:00","og_image":[{"width":969,"height":630,"url":"https:\/\/www.meetit.cloud\/wp-content\/uploads\/Privacy-Policy.png","type":"image\/png"}],"schema":{"@context":"https:\/\/schema.org","@graph":[{"@type":"WebPage","@id":"https:\/\/www.meetit.cloud\/privacy-policy\/","url":"https:\/\/www.meetit.cloud\/privacy-policy\/","name":"Privacy Policy - 3CiME - NT - MEET IT","isPartOf":{"@id":"https:\/\/www.meetit.cloud\/#website"},"primaryImageOfPage":{"@id":"https:\/\/www.meetit.cloud\/privacy-policy\/#primaryimage"},"image":{"@id":"https:\/\/www.meetit.cloud\/privacy-policy\/#primaryimage"},"thumbnailUrl":"https:\/\/www.meetit.cloud\/wp-content\/uploads\/Privacy-Policy.png","datePublished":"2023-02-08T15:04:43+00:00","dateModified":"2025-09-30T14:04:32+00:00","description":"Privacy Policy. Vogliamo informarvi come il Gruppo MEET IT raccolga e tratti i dati personali dei propri utenti.","breadcrumb":{"@id":"https:\/\/www.meetit.cloud\/privacy-policy\/#breadcrumb"},"inLanguage":"it-IT","potentialAction":[{"@type":"ReadAction","target":["https:\/\/www.meetit.cloud\/privacy-policy\/"]}]},{"@type":"ImageObject","inLanguage":"it-IT","@id":"https:\/\/www.meetit.cloud\/privacy-policy\/#primaryimage","url":"https:\/\/www.meetit.cloud\/wp-content\/uploads\/Privacy-Policy.png","contentUrl":"https:\/\/www.meetit.cloud\/wp-content\/uploads\/Privacy-Policy.png","width":969,"height":630,"caption":"Privacy Policy"},{"@type":"BreadcrumbList","@id":"https:\/\/www.meetit.cloud\/privacy-policy\/#breadcrumb","itemListElement":[{"@type":"ListItem","position":1,"name":"Home","item":"https:\/\/www.meetit.cloud\/it-it\/"},{"@type":"ListItem","position":2,"name":"Privacy Policy"}]},{"@type":"WebSite","@id":"https:\/\/www.meetit.cloud\/#website","url":"https:\/\/www.meetit.cloud\/","name":"3CiME - NT - MEET IT","description":"","publisher":{"@id":"https:\/\/www.meetit.cloud\/#organization"},"potentialAction":[{"@type":"SearchAction","target":{"@type":"EntryPoint","urlTemplate":"https:\/\/www.meetit.cloud\/?s={search_term_string}"},"query-input":{"@type":"PropertyValueSpecification","valueRequired":true,"valueName":"search_term_string"}}],"inLanguage":"it-IT"},{"@type":"Organization","@id":"https:\/\/www.meetit.cloud\/#organization","name":"MEET IT","alternateName":"MEET IT - 3CiME - NT","url":"https:\/\/www.meetit.cloud\/","logo":{"@type":"ImageObject","inLanguage":"it-IT","@id":"https:\/\/www.meetit.cloud\/#\/schema\/logo\/image\/","url":"https:\/\/www.meetit.cloud\/wp-content\/uploads\/Logo-MEET-IT-500x390-1.png","contentUrl":"https:\/\/www.meetit.cloud\/wp-content\/uploads\/Logo-MEET-IT-500x390-1.png","width":500,"height":390,"caption":"MEET IT"},"image":{"@id":"https:\/\/www.meetit.cloud\/#\/schema\/logo\/image\/"}}]}},"_links":{"self":[{"href":"https:\/\/www.meetit.cloud\/it-it\/wp-json\/wp\/v2\/pages\/3","targetHints":{"allow":["GET"]}}],"collection":[{"href":"https:\/\/www.meetit.cloud\/it-it\/wp-json\/wp\/v2\/pages"}],"about":[{"href":"https:\/\/www.meetit.cloud\/it-it\/wp-json\/wp\/v2\/types\/page"}],"author":[{"embeddable":true,"href":"https:\/\/www.meetit.cloud\/it-it\/wp-json\/wp\/v2\/users\/1"}],"replies":[{"embeddable":true,"href":"https:\/\/www.meetit.cloud\/it-it\/wp-json\/wp\/v2\/comments?post=3"}],"version-history":[{"count":5,"href":"https:\/\/www.meetit.cloud\/it-it\/wp-json\/wp\/v2\/pages\/3\/revisions"}],"predecessor-version":[{"id":6636,"href":"https:\/\/www.meetit.cloud\/it-it\/wp-json\/wp\/v2\/pages\/3\/revisions\/6636"}],"wp:featuredmedia":[{"embeddable":true,"href":"https:\/\/www.meetit.cloud\/it-it\/wp-json\/wp\/v2\/media\/3931"}],"wp:attachment":[{"href":"https:\/\/www.meetit.cloud\/it-it\/wp-json\/wp\/v2\/media?parent=3"}],"curies":[{"name":"wp","href":"https:\/\/api.w.org\/{rel}","templated":true}]}}